
{"id":1625,"date":"2017-10-26T12:14:09","date_gmt":"2017-10-26T12:14:09","guid":{"rendered":"http:\/\/wp-test.cpc.unc.edu\/fpcape\/?page_id=1625"},"modified":"2021-03-31T18:18:28","modified_gmt":"2021-03-31T18:18:28","slug":"insight-deck","status":"publish","type":"page","link":"https:\/\/www.fpcape.org\/fr\/resources\/insight-deck\/","title":{"rendered":"R\u00e9sum\u00e9s Approfondi"},"content":{"rendered":"<div class=\"breadcrumbs\"><!-- Breadcrumb NavXT 5.7.0 --><br \/>\n<a class=\"home\" title=\"Go to FP CAPE.\" href=\"https:\/\/www.fpcape.org\/fr\/\">FP CAPE<\/a> &gt; <a href=\"https:\/\/www.fpcape.org\/fr\/#section-resources\">Ressources<\/a> &gt; R\u00e9sum\u00e9s Approfondi<\/div>\n<h2 class=\"breadcrumbs\">R\u00e9sum\u00e9s Approfondi<\/h2>\n<p>FP CAPE produit des r\u00e9sum\u00e9s \u2018\u2019<em>Insights decks<\/em>\u2019\u2019 biannuels et des rapports sur des \u00e9tudes sp\u00e9ciales qui incluent une synth\u00e8se des r\u00e9sultats et tendances observ\u00e9es au niveau du portefeuille, aussi bien qu\u2019une documentation et une analyse d\u00e9taill\u00e9e des r\u00e9sultats d\u2019\u00e9tudes sp\u00e9ciales. Les r\u00e9sum\u00e9s et rapports d\u2019\u00e9tude sp\u00e9ciale ont pour objectif d\u2019informer la strat\u00e9gie et la planification au niveau du portefeuille.<\/p>\n<ul>\n<li><a href=\"https:\/\/www.fpcape.org\/wp-content\/uploads\/2021\/03\/FPCAPEDeck_DRC_January2021_FRENCH_FINAL_3.31.pdf\" target=\"_blank\" rel=\"noopener\">Family Planning Country Action Process Evaluation \u2013 R\u00e9sum\u00e9 (Insight deck) \u2013 RDC, Janvier 2021<\/a><\/li>\n<li><a href=\"https:\/\/www.fpcape.org\/wp-content\/uploads\/2020\/04\/FPCAPEinsightsdeck_DRC_Feb2020_-FINAL_French_2April2020_Website.pdf\" target=\"_blank\" rel=\"noopener\">Family Planning Country Action Process Evaluation \u2013 R\u00e9sum\u00e9 (Insight deck) \u2013 RDC, Janvier 2020<\/a><\/li>\n<li><a href=\"https:\/\/www.fpcape.org\/wp-content\/uploads\/2019\/06\/FPCAPEinsightsdeck_DRC_Feb2019_FINAL_04_24_2019_French_for-website.pdf\">Family Planning Country Action Process Evaluation \u2013 R\u00e9sum\u00e9 (Insight deck) \u2013 RDC, F\u00e9vrier 2019<\/a><\/li>\n<li><a href=\"https:\/\/www.fpcape.org\/wp-content\/uploads\/2018\/11\/FPCAPEdeck-2018June29-DRC_French_Blurred_SN.pdf\" target=\"_blank\" rel=\"noopener\">Family Planning Country Action Process Evaluation \u2013 R\u00e9sum\u00e9 (Insight deck)\u00a0\u2013\u00a0RDC, Juin 2018<\/a><\/li>\n<li><a href=\"https:\/\/www.fpcape.org\/wp-content\/uploads\/2018\/03\/Executive-Summary-Slides_DRC_DEC17_Fr-MC_RL.pdf\" target=\"_blank\" rel=\"noopener\">Family Planning Country Action Process Evaluation \u2013 Aper\u00e7u general \u2013\u00a0RDC,\u00a0<span lang=\"fr\">D\u00e9cembre<\/span> 2017<\/a><\/li>\n<li><a href=\"https:\/\/www.fpcape.org\/wp-content\/uploads\/2018\/03\/FP-CAPEinsightsdeckDRC_Dec2017_FINAL_French_329.pdf\" target=\"_blank\" rel=\"noopener\">Family Planning Country Action Process Evaluation \u2013 R\u00e9sum\u00e9 (Insight deck) \u2013\u00a0RDC,\u00a0<span lang=\"fr\">D\u00e9cembre<\/span> 2017<\/a><\/li>\n<li><a href=\"https:\/\/www.fpcape.org\/wp-content\/uploads\/2018\/03\/FPCAPEinsightsdeck20170629-DRC-FINAL_French.pdf\" target=\"_blank\" rel=\"noopener\">Family Planning Country Action Process Evaluation \u2013 R\u00e9sum\u00e9 (Insight deck)\u00a0\u2013\u00a0RDC, Juin 2017<\/a><\/li>\n<li><a href=\"https:\/\/www.fpcape.org\/wp-content\/uploads\/2018\/03\/Dec_2016_DRC_Deck_French_Final.pdf\" target=\"_blank\" rel=\"noopener\">Family Planning Country Action Process Evaluation \u2013 R\u00e9sum\u00e9 (Insight deck)\u00a0\u2013\u00a0RDC,\u00a0<span lang=\"fr\">D\u00e9cembre<\/span> 2016<\/a><\/li>\n<\/ul>\n","protected":false},"excerpt":{"rendered":"<p>FP CAPE &gt; Ressources &gt; R\u00e9sum\u00e9s Approfondi R\u00e9sum\u00e9s Approfondi FP CAPE produit des r\u00e9sum\u00e9s \u2018\u2019Insights decks\u2019\u2019 biannuels et des rapports sur des \u00e9tudes sp\u00e9ciales qui incluent une synth\u00e8se des r\u00e9sultats et tendances observ\u00e9es au niveau du portefeuille, aussi bien qu\u2019une documentation et une analyse d\u00e9taill\u00e9e des r\u00e9sultats d\u2019\u00e9tudes sp\u00e9ciales. Les r\u00e9sum\u00e9s et rapports d\u2019\u00e9tude sp\u00e9ciale [&hellip;]<\/p>\n","protected":false},"author":4,"featured_media":1632,"parent":50,"menu_order":0,"comment_status":"closed","ping_status":"closed","template":"","meta":{"footnotes":""},"class_list":["post-1625","page","type-page","status-publish","has-post-thumbnail","hentry","clearfix","post-index"],"translation":{"provider":"WPGlobus","version":"3.0.2","language":"fr","enabled_languages":["en","fr"],"languages":{"en":{"title":true,"content":true,"excerpt":false},"fr":{"title":true,"content":true,"excerpt":false}}},"_links":{"self":[{"href":"https:\/\/www.fpcape.org\/fr\/wp-json\/wp\/v2\/pages\/1625","targetHints":{"allow":["GET"]}}],"collection":[{"href":"https:\/\/www.fpcape.org\/fr\/wp-json\/wp\/v2\/pages"}],"about":[{"href":"https:\/\/www.fpcape.org\/fr\/wp-json\/wp\/v2\/types\/page"}],"author":[{"embeddable":true,"href":"https:\/\/www.fpcape.org\/fr\/wp-json\/wp\/v2\/users\/4"}],"replies":[{"embeddable":true,"href":"https:\/\/www.fpcape.org\/fr\/wp-json\/wp\/v2\/comments?post=1625"}],"version-history":[{"count":47,"href":"https:\/\/www.fpcape.org\/fr\/wp-json\/wp\/v2\/pages\/1625\/revisions"}],"predecessor-version":[{"id":2058,"href":"https:\/\/www.fpcape.org\/fr\/wp-json\/wp\/v2\/pages\/1625\/revisions\/2058"}],"up":[{"embeddable":true,"href":"https:\/\/www.fpcape.org\/fr\/wp-json\/wp\/v2\/pages\/50"}],"wp:featuredmedia":[{"embeddable":true,"href":"https:\/\/www.fpcape.org\/fr\/wp-json\/wp\/v2\/media\/1632"}],"wp:attachment":[{"href":"https:\/\/www.fpcape.org\/fr\/wp-json\/wp\/v2\/media?parent=1625"}],"curies":[{"name":"wp","href":"https:\/\/api.w.org\/{rel}","templated":true}]}}