
{"id":2077,"date":"2020-02-18T19:35:34","date_gmt":"2020-02-18T19:35:34","guid":{"rendered":"https:\/\/www.fpcape.org\/?page_id=2077"},"modified":"2021-03-25T21:50:22","modified_gmt":"2021-03-25T21:50:22","slug":"meetings","status":"publish","type":"page","link":"https:\/\/www.fpcape.org\/fr\/resources\/meetings\/","title":{"rendered":"Meetings"},"content":{"rendered":"<p><a class=\"home\" title=\"Go to FP CAPE.\" href=\"https:\/\/www.fpcape.org\/fpcape\">FP CAPE<\/a> &gt; <a class=\"post post-page\" title=\"Go to Resources.\" href=\"https:\/\/www.fpcape.org\/#section-resources\">Resources<\/a> &gt; R\u00e9union<\/p>\n<h2 class=\"breadcrumbs\">Meetings<\/h2>\n<p>FP CAPE coordonne avec la Fondation Bill &amp; Melinda Gates (BMGF) et ses partenaires pour organiser annuellement des r\u00e9unions avec les organisations b\u00e9n\u00e9ficiaires des investissements en Planification Familiale (PF) de BMGF, les officiers de Programme ainsi que d\u2019autres parties prenantes en RDC et au Nigeria. Nous listons ici les pr\u00e9sentations et les mat\u00e9riels qui ont \u00e9t\u00e9 pr\u00e9sent\u00e9s lors de ces diff\u00e9rentes r\u00e9unions.<\/p>\n<ol>\n<li><strong>R\u00e9union Annuelle des Partenaires de Planification Familiale de BMGF\/FP CAPE en RDC<\/strong> <em>\u2013<\/em> 2020.<\/li>\n<\/ol>\n","protected":false},"excerpt":{"rendered":"<p>FP CAPE &gt; Resources &gt; R\u00e9union Meetings FP CAPE coordonne avec la Fondation Bill &amp; Melinda Gates (BMGF) et ses partenaires pour organiser annuellement des r\u00e9unions avec les organisations b\u00e9n\u00e9ficiaires des investissements en Planification Familiale (PF) de BMGF, les officiers de Programme ainsi que d\u2019autres parties prenantes en RDC et au Nigeria. Nous listons ici [&hellip;]<\/p>\n","protected":false},"author":4,"featured_media":2237,"parent":50,"menu_order":0,"comment_status":"closed","ping_status":"closed","template":"","meta":{"footnotes":""},"class_list":["post-2077","page","type-page","status-publish","has-post-thumbnail","hentry","clearfix","post-index"],"translation":{"provider":"WPGlobus","version":"3.0.2","language":"fr","enabled_languages":["en","fr"],"languages":{"en":{"title":true,"content":true,"excerpt":false},"fr":{"title":false,"content":true,"excerpt":false}}},"_links":{"self":[{"href":"https:\/\/www.fpcape.org\/fr\/wp-json\/wp\/v2\/pages\/2077","targetHints":{"allow":["GET"]}}],"collection":[{"href":"https:\/\/www.fpcape.org\/fr\/wp-json\/wp\/v2\/pages"}],"about":[{"href":"https:\/\/www.fpcape.org\/fr\/wp-json\/wp\/v2\/types\/page"}],"author":[{"embeddable":true,"href":"https:\/\/www.fpcape.org\/fr\/wp-json\/wp\/v2\/users\/4"}],"replies":[{"embeddable":true,"href":"https:\/\/www.fpcape.org\/fr\/wp-json\/wp\/v2\/comments?post=2077"}],"version-history":[{"count":61,"href":"https:\/\/www.fpcape.org\/fr\/wp-json\/wp\/v2\/pages\/2077\/revisions"}],"predecessor-version":[{"id":2404,"href":"https:\/\/www.fpcape.org\/fr\/wp-json\/wp\/v2\/pages\/2077\/revisions\/2404"}],"up":[{"embeddable":true,"href":"https:\/\/www.fpcape.org\/fr\/wp-json\/wp\/v2\/pages\/50"}],"wp:featuredmedia":[{"embeddable":true,"href":"https:\/\/www.fpcape.org\/fr\/wp-json\/wp\/v2\/media\/2237"}],"wp:attachment":[{"href":"https:\/\/www.fpcape.org\/fr\/wp-json\/wp\/v2\/media?parent=2077"}],"curies":[{"name":"wp","href":"https:\/\/api.w.org\/{rel}","templated":true}]}}