
{"id":40,"date":"2017-01-26T21:12:25","date_gmt":"2017-01-26T21:12:25","guid":{"rendered":"http:\/\/wp-test.cpc.unc.edu\/fpcape\/?page_id=40"},"modified":"2022-02-10T20:12:30","modified_gmt":"2022-02-10T20:12:30","slug":"our-team","status":"publish","type":"page","link":"https:\/\/www.fpcape.org\/fr\/our-team\/","title":{"rendered":"Notre \u00e9quipe"},"content":{"rendered":"<div class=\"breadcrumbs\"><!-- Breadcrumb NavXT 5.7.0 --><br \/>\n<a class=\"home\" title=\"Go to FP CAPE.\" href=\"https:\/\/www.fpcape.org\/fr\/\">FP CAPE<\/a> &gt; <a class=\"post post-page\" title=\"Go to About Us.\" href=\"https:\/\/www.fpcape.org\/fr\/#section-about\">A propos de nous<\/a> &gt; Notre \u00e9quipe<\/div>\n<h2 class=\"breadcrumbs\"><strong>Notre \u00e9quipe<\/strong><\/h2>\n<p>FP CAPE est bas\u00e9 au Carolina Population Centre (CPC) \u00e0 l&#8217;Universit\u00e9 de Caroline du Nord \u00e0 Chapel Hill (UNC-CH). Notre \u00e9quipe de projet comprend des experts dans les m\u00e9thodes de recherche quantitatives et qualitatives, les m\u00e9thodes de sciences des syst\u00e8mes, l&#8217;analyse spatiale, l&#8217;\u00e9chantillonnage, l&#8217;analyse statistique avanc\u00e9e et les communications de sant\u00e9 publique. Nous accordons la priorit\u00e9 \u00e0 travailler avec des partenaires locaux en RDC et au Nig\u00e9ria pour aider \u00e0 la mise en \u0153uvre des activit\u00e9s d&#8217;\u00e9valuation dans chaque pays.<\/p>\n<table class=\"profiletable\">\n<tbody>\n<tr>\n<td class=\"profilepic\"><img loading=\"lazy\" decoding=\"async\" class=\"alignnone size-medium wp-image-1284\" src=\"https:\/\/www.fpcape.org\/wp-content\/uploads\/2017\/01\/IMG_2014curtis_sized-225x300.jpg\" alt=\"\" width=\"225\" height=\"300\" srcset=\"https:\/\/www.fpcape.org\/wp-content\/uploads\/2017\/01\/IMG_2014curtis_sized-225x300.jpg 225w, https:\/\/www.fpcape.org\/wp-content\/uploads\/2017\/01\/IMG_2014curtis_sized.jpg 300w\" sizes=\"auto, (max-width: 225px) 100vw, 225px\" \/><\/td>\n<td class=\"profileinfo\"><strong>Si\u00e2n Curtis, PhD<\/strong><br \/>\n<em>Directrice de Projet<br \/>\n<\/em>FP CAPE, Carolina Population Centre<br \/>\n<em>Professeur Associ\u00e9e de Recherche<br \/>\n<\/em>Department of Maternal and Child Health, UNC Gillings School of Global Public Health<\/p>\n<div class=\"profiledescription\">\n<p>En tant que Directrice de FP CAPE, Si\u00e2n Curtis assume la direction technique, le leadership et la gestion globale du projet. <span style=\"font-family: inherit; font-size: inherit;\">Si\u00e2n, une statisticienne sociale, a travaill\u00e9 dans le domaine de la sant\u00e9 internationale depuis plus de deux d\u00e9cennies. Ses int\u00e9r\u00eats en mati\u00e8re de recherche et d&#8217;\u00e9valuation comprennent la dynamique de l&#8217;utilisation des contraceptifs, la sant\u00e9 reproductive et maternelle internationale, les m\u00e9thodes de suivi et d&#8217;\u00e9valuation des programmes de population, de sant\u00e9 et de s\u00e9curit\u00e9 alimentaire, les mod\u00e8les multiniveaux et la d\u00e9mographie statistique. Si\u00e2n est actuellement sp\u00e9cialiste\u00a0en \u00e9valuation du projet phase IV de MEASURE Evaluation, o\u00f9 elle dirige le portefeuille des activit\u00e9s d&#8217;\u00e9valuation pour le projet. Elle est \u00e9galement co- investigatrice principale (IP) pour le projet d&#8217;acc\u00e8s \u00e0 la sant\u00e9 des femmes de Caroline du Nord et a \u00e9t\u00e9 le\u00a0IP du projet Feed the Future Feedback. Auparavant, Si\u00e2n \u00e9tait directrice de projet pour les projets Phase II et Phase III de MEASURE Evaluation, o\u00f9 elle a dirig\u00e9 un portefeuille de plus de 200 activit\u00e9s dans plus de 30 pays et a supervis\u00e9 et particip\u00e9 \u00e0 la recherche d&#8217;\u00e9valuation en sant\u00e9 internationale. Si\u00e2n poss\u00e8de une vaste exp\u00e9rience de recherche dans de nombreux pays, dont le Bangladesh, le Br\u00e9sil, la R\u00e9publique D\u00e9mocratique du Congo, l&#8217;\u00c9thiopie, le Kenya, le Nig\u00e9ria, le Rwanda, la Tanzanie, l&#8217;Ukraine et la Zambie. Elle a particip\u00e9 \u00e0 plusieurs r\u00e9unions consultatives de l&#8217;Organisation Mondiale de la Sant\u00e9 sur les questions de d\u2019\u00e9valuation et a \u00e9t\u00e9 membre du Groupe consultatif sur le suivi et la responsabilit\u00e9 du suivi de la planification familiale de 2012 et du Groupe technique de travail, du Groupe de r\u00e9f\u00e9rence de l&#8217;ONUSIDA sur le suivi et evaluation et le Groupe technique consultatif du Health Metrics Network.<\/span><\/p>\n<\/div>\n<\/td>\n<\/tr>\n<tr>\n<td class=\"profilepic\"><img loading=\"lazy\" decoding=\"async\" class=\"alignnone size-medium wp-image-1280\" src=\"https:\/\/www.fpcape.org\/wp-content\/uploads\/2017\/01\/Escudero2_sized-225x300.jpg\" alt=\"\" width=\"225\" height=\"300\" srcset=\"https:\/\/www.fpcape.org\/wp-content\/uploads\/2017\/01\/Escudero2_sized-225x300.jpg 225w, https:\/\/www.fpcape.org\/wp-content\/uploads\/2017\/01\/Escudero2_sized.jpg 300w\" sizes=\"auto, (max-width: 225px) 100vw, 225px\" \/><\/td>\n<td class=\"profileinfo\"><strong>Gabriela Escudero, MPH<\/strong><br \/>\n<em><span lang=\"fr\" tabindex=\"0\">Directeur des Op\u00e9rations<\/span><br \/>\n<\/em>FP CAPE, Carolina Population Centre<\/p>\n<div><\/div>\n<div class=\"profiledescription\">Gabriela Escudero fournit un soutien et une coordination en mati\u00e8re de gestion et de logistique pour les activit\u00e9s FP CAPE. Elle participe \u00e9galement aux activit\u00e9s techniques du projet, en particulier en RDC. Gabriela travaille dans le domaine de la sant\u00e9 publique depuis 20 ans dans plus d&#8217;une douzaine de pays. Elle a g\u00e9r\u00e9 et soutenu le personnel des minist\u00e8res de la sant\u00e9, de l&#8217;USAID et des ONGs dans de nombreux pays d&#8217;Afrique, d&#8217;Am\u00e9rique centrale et d&#8217;Asie du Sud-Est pour \u00e9laborer des plans de suivi et d&#8217;\u00e9valuation, mettre en \u0153uvre des activit\u00e9s d&#8217;\u00e9valuation li\u00e9es \u00e0 la planification familiale, \u00e0 la sant\u00e9 reproductive et au VIH \/ sida et a coordonn\u00e9 des enqu\u00eates de sant\u00e9 \u00e0 grande \u00e9chelle. Gabriela a un MPH en \u00e9tudes de population de l&#8217;\u00c9cole de sant\u00e9 publique et de m\u00e9decine tropicale de Tulane, et parle couramment l&#8217;anglais, le fran\u00e7ais, le portugais et l&#8217;espagnol.<\/div>\n<\/td>\n<\/tr>\n<tr>\n<td class=\"profilepic\"><img loading=\"lazy\" decoding=\"async\" class=\"alignnone size-medium wp-image-1280\" src=\"https:\/\/www.fpcape.org\/wp-content\/uploads\/2020\/09\/e_weaver_225x300.jpg\" alt=\"\" width=\"225\" height=\"300\" \/><\/td>\n<td class=\"profileinfo\"><strong>Emily Weaver, PhD<\/strong><br \/>\n<em><span lang=\"fr\" tabindex=\"0\">Sp\u00e9cialiste Technique Senior pour l\u2019Evaluation et l\u2019Apprentissage<\/span><br \/>\n<\/em>FP CAPE, Carolina Population Centre<\/p>\n<div class=\"profiledescription\">\n<p>Emily appuie l&#8217;approche quantitative et l&#8217;analyse pour FP CAPE au Nigeria et en RDC. Dr Weaver a travaill\u00e9 pendant 16 ans dans la recherche et l&#8217;\u00e9valuation des programmes de sant\u00e9 publique avec une expertise en sant\u00e9 reproductive, maternelle, n\u00e9onatale et infantile. Au Carolina Population Center, Emily dirige des \u00e9valuations en Afrique subsaharienne et en Asie pour des programmes ax\u00e9s sur la SRMN, la nutrition, la s\u00e9curit\u00e9 alimentaire et le VIH. D&#8217;autres travaux ont inclus le d\u00e9veloppement de programmes et le renforcement des capacit\u00e9s techniques en mati\u00e8re d&#8217;\u00e9valuation d&#8217;impact et de mesure de la mortalit\u00e9 maternelle \u00e0 l&#8217;aide de diverses plates-formes de donn\u00e9es. Dr Weaver a obtenu un doctorat en politique et gestion de la sant\u00e9 \u00e0 UNC Gillings School of Global Public Health et une ma\u00eetrise en affaires internationales \u00e0 l&#8217;Universit\u00e9 de Californie \u00e0 San Diego.<\/p>\n<\/div>\n<\/td>\n<\/tr>\n<tr>\n<td class=\"profilepic\"><img loading=\"lazy\" decoding=\"async\" class=\"alignnone size-medium wp-image-932\" src=\"https:\/\/www.fpcape.org\/wp-content\/uploads\/2017\/01\/Chalachala2-225x300.jpg\" alt=\"\" width=\"225\" height=\"300\" srcset=\"https:\/\/www.fpcape.org\/wp-content\/uploads\/2017\/01\/Chalachala2-225x300.jpg 225w, https:\/\/www.fpcape.org\/wp-content\/uploads\/2017\/01\/Chalachala2.jpg 300w\" sizes=\"auto, (max-width: 225px) 100vw, 225px\" \/><\/td>\n<td class=\"profileinfo\"><strong>Jean Lambert Chalachala, MD, MPH<\/strong><br \/>\n<em>Repr\u00e9sentant Pays FP CAPE en RDC<br \/>\n<\/em>FP CAPE, the Democratic Republic of the Congo (DRC)<\/p>\n<div><\/div>\n<div class=\"profiledescription\">Jean Lambert Chalachala soutient la mise en \u0153uvre des activit\u00e9s d&#8217;\u00e9valuation de FP CAPE et des relations partenaires en RDC. Il travaille \u00e9galement \u00e0 temps partiel comme Conseiller en Information Strat\u00e9gique pour le projet. Linkages <em>Across the Continuum of HIV Services for Key Populations Affected by HIV (LINKAGES)<\/em> pour la RDC et la C\u00f4te d&#8217;Ivoire. Auparavant, il a travaill\u00e9 comme clinicien dans les r\u00e9gions rurales de la RDC, o\u00f9 il a soign\u00e9 les personnes dans un contexte de graves faiblesses du syst\u00e8me de sant\u00e9. Il a ensuite rejoint des ONGs internationales (M\u00e9decins Sans Fronti\u00e8res, puis M\u00e9decins du Monde) o\u00f9 il a contribu\u00e9 \u00e0 la gestion des principaux probl\u00e8mes de sant\u00e9 publique, entre autres les \u00e9pid\u00e9mies de rougeole, de chol\u00e9ra, de fi\u00e8vre typho\u00efde, d&#8217;Ebola et de malnutrition end\u00e9mique dans toute la RDC. Avant de retourner \u00e0 l&#8217;\u00e9cole pour son dipl\u00f4me de ma\u00eetrise, Jean Lambert a travaill\u00e9 en tant que coordonnateur de suivi et de l&#8217;\u00e9valuation pendant plusieurs ann\u00e9es avec les projets UNC-RDC sur le VIH \/ sida, le paludisme, la tuberculose, la nutrition, la bio\u00e9thique et la violence sexuelle et bas\u00e9e sur le genre. Il a collabor\u00e9 en tant que coordonnateur de terrain dans plusieurs projets de recherche op\u00e9rationnelle, des \u00e9tudes de doctorat et des publications au sein de l&#8217;UNC. Comme boursier de Rotary pour la Paix et Ambassadeur de la Paix, Jean Lambert a particip\u00e9 \u00e0 des r\u00e9unions et des conf\u00e9rences aux \u00c9tats-Unis et en RDC o\u00f9 il contribue en partageant son exp\u00e9rience des conditions de guerre et de la consolidation de la paix.<\/div>\n<\/td>\n<\/tr>\n<tr>\n<td class=\"profilepic\"><img loading=\"lazy\" decoding=\"async\" class=\"alignnone size-medium wp-image-932\" src=\"https:\/\/www.fpcape.org\/wp-content\/uploads\/2018\/12\/lee-web.jpg\" alt=\"\" width=\"225\" height=\"300\" \/><\/td>\n<td class=\"profileinfo\"><strong>Raney Lee, MPH<\/strong><br \/>\n<em>Associ\u00e9e de Recherche<br \/>\n<\/em>FP CAPE, Carolina Population Center<\/p>\n<div><\/div>\n<div class=\"profiledescription\">Raney Lee appuie la mise en \u0153uvre des activit\u00e9s d\u2019\u00e9valuation de FP CAPE au Nig\u00e9ria et en RDC. Elle aide \u00e0 la collecte et \u00e0 l&#8217;analyse de donn\u00e9es qualitatives, ainsi qu&#8217;\u00e0 la cr\u00e9ation et \u00e0 la visualisation de contenu pour les pr\u00e9sentations et les livrables de FP CAPE. Avant de rejoindre FP CAPE, Raney a servi comme conseill\u00e8re b\u00e9n\u00e9vole en sant\u00e9 communautaire rurale au sein du Peace Corps au B\u00e9nin. Elle est titulaire d&#8217;un MPH en sant\u00e9 maternelle et infantile de la Gillings School of Global Public Health de l&#8217;Universit\u00e9 de Caroline du Nord \u00e0 Chapel Hill.<\/div>\n<\/td>\n<\/tr>\n<tr>\n<td class=\"profilepic\"><img loading=\"lazy\" decoding=\"async\" class=\"alignnone size-medium wp-image-1451\" src=\"https:\/\/www.fpcape.org\/wp-content\/uploads\/2017\/01\/rukunda2-225x300.jpg\" alt=\"\" width=\"225\" height=\"300\" srcset=\"https:\/\/www.fpcape.org\/wp-content\/uploads\/2017\/01\/rukunda2-225x300.jpg 225w, https:\/\/www.fpcape.org\/wp-content\/uploads\/2017\/01\/rukunda2.jpg 300w\" sizes=\"auto, (max-width: 225px) 100vw, 225px\" \/><\/td>\n<td class=\"profileinfo\"><strong>Louis NKingi RUKUNDA<br \/>\n<\/strong><em>Assistant<\/em> <em>Administrative<br \/>\n<\/em>FP CAPE, the Democratic Republic of the Congo (DRC)<\/p>\n<div><\/div>\n<div class=\"profiledescription\">Louis NKingi Rukunda (King) fournit un soutien administratif et logistique aux activit\u00e9s FP CAPE en RDC. Plus pr\u00e9cis\u00e9ment, il assiste le Repr\u00e9sentant Pays de la RDC avec l&#8217;organisation et la logistique des r\u00e9unions avec les parties prenantes et les b\u00e9n\u00e9ficiaires. King a \u00e9galement travaill\u00e9 comme assistant administratif pour des projets collaboratifs entre l&#8217;\u00c9cole de sant\u00e9 publique de Kinshasa (KSPH) et l&#8217;Universit\u00e9 de Caroline du Nord \u00e0 Chapel Hill et l&#8217;Ohio State University. Avant de rejoindre le KSPH, il a travaill\u00e9 comme agent de douane pour Comexas Afrique.<\/div>\n<\/td>\n<\/tr>\n<tr>\n<td class=\"profilepic\"><img loading=\"lazy\" decoding=\"async\" class=\"alignnone size-medium wp-image-1286\" src=\"https:\/\/www.fpcape.org\/wp-content\/uploads\/2017\/01\/IMG_2026huyen-vu2-225x300.jpg\" alt=\"\" width=\"225\" height=\"300\" srcset=\"https:\/\/www.fpcape.org\/wp-content\/uploads\/2017\/01\/IMG_2026huyen-vu2-225x300.jpg 225w, https:\/\/www.fpcape.org\/wp-content\/uploads\/2017\/01\/IMG_2026huyen-vu2.jpg 300w\" sizes=\"auto, (max-width: 225px) 100vw, 225px\" \/><\/td>\n<td class=\"profileinfo\"><strong>Huyen Vu, MSPH<\/strong><br \/>\n<em><span lang=\"fr\" tabindex=\"0\">Gestionnaire de Portefeuille Nig\u00e9rian<\/span><\/em><em><br \/>\n<\/em>FP CAPE, Carolina Population Centre<\/p>\n<div><\/div>\n<div class=\"profiledescription\">Huyen Vu soutient les activit\u00e9s d&#8217;\u00e9valuation de FP CAPE, en particulier le portefeuille du Nigeria et l&#8217;analyse qualitative. Elle coordonne les activit\u00e9s d&#8217;\u00e9valuation, telles que la collecte de donn\u00e9es, l&#8217;analyse de donn\u00e9es et le d\u00e9veloppement de contenu pour les rapports. Avant de rejoindre FP CAPE, Huyen a travaill\u00e9 sur des programmes de sant\u00e9 publique globale et domestique, y compris le VIH\/ sida, la lutte contre la tuberculose, l&#8217;acc\u00e8s et l&#8217;utilisation irrationnelle des m\u00e9dicaments, le soutien par les pairs dans la gestion des maladies chroniques et les communications du risque de tabac. Huyen d\u00e9tient un MSPH en Politique et Gestion de la Sant\u00e9 de Gillings School of Global Public Health at the University of North Carolina at Chapel Hill.<\/div>\n<\/td>\n<\/tr>\n<tr>\n<td class=\"profilepic\"><img loading=\"lazy\" decoding=\"async\" class=\"alignnone size-medium wp-image-1537\" src=\"https:\/\/www.fpcape.org\/wp-content\/uploads\/2017\/01\/Emmanuel-Adegbe.jpg\" alt=\"\" width=\"225\" height=\"300\" \/><\/td>\n<td class=\"profileinfo\"><strong>Emmanuel Adegbe, MD<\/strong><br \/>\n<em>Repr\u00e9sentant Pays FP CAPE en\u00a0<\/em><em><em>Nigeria<br \/>\n<\/em><\/em>FP CAPE, Nigeria<\/p>\n<div><\/div>\n<div class=\"profiledescription\">Emmanuel Adegbe est m\u00e9decin depuis plus de 21 ans et poss\u00e8de plus de 16 ans d&#8217;exp\u00e9rience en sant\u00e9 publique couvrant le paludisme, la sant\u00e9 reproductive, le VIH \/ SIDA \/ TB, le bien-\u00eatre des enfants, la vaccination et la nutrition. Avant de rejoindre FP CAPE, Emmanuel \u00e9tait Chef d&#8217;\u00e9quipe sant\u00e9 et sp\u00e9cialiste principal du suivi, \u00e9valuation et apprentissage pour le Programme de Suivi, Evaluation (S&amp;E) et Apprentissage financ\u00e9 par l&#8217;USAID, soutenant les bureaux de sant\u00e9, population et nutrition et VIH \/ TB de l&#8217;USAID au Nigeria. Auparavant, il \u00e9tait Expert en S &amp; E et Chef d&#8217;\u00e9quipe adjoint d&#8217;Ecorys UK au sein du Programme Ind\u00e9pendant de Suivi et Evaluation (IMEP) financ\u00e9 par DFID pour fournir des services de suivi et \u00e9valuation ax\u00e9s sur les clients au sein de DFID par rapport \u00e0 une s\u00e9rie de cinq grands projets multisectoriels, des programmes qui transcendent la gouvernance, la soci\u00e9t\u00e9 civile et la cr\u00e9ation de la demande, l&#8217;\u00e9ducation, la sant\u00e9 et la croissance \u00e9conomique. Lors de son passage \u00e0 l&#8217;IMEP, Emmanuel a \u00e9t\u00e9 le Point focal du Projet Sant\u00e9 de 150 millions de\u00a0vies et a particip\u00e9 \u00e0 son \u00e9valuation annuelle des performances pendant trois ans ainsi qu&#8217;\u00e0 l&#8217;\u00e9valuation finale du projet en 2016. Il est \u00e9galement en train d&#8217;achever un doctorat en sant\u00e9 publique (\u00c9pid\u00e9miologie) \u00e0 l&#8217;Universit\u00e9 Walden.<\/div>\n<\/td>\n<\/tr>\n<tr>\n<td class=\"profilepic\"><img loading=\"lazy\" decoding=\"async\" class=\"alignnone size-medium wp-image-1537\" src=\"https:\/\/www.fpcape.org\/wp-content\/uploads\/2018\/12\/salmon-web.jpg\" alt=\"\" width=\"225\" height=\"300\" \/><\/td>\n<td class=\"profileinfo\"><strong>Brianna Salmon, MPH<\/strong><br \/>\n<em>Associ\u00e9e de Recherche<br \/>\n<\/em>FP CAPE, Carolina Population Centre<\/p>\n<div><\/div>\n<div class=\"profiledescription\">Brianna Salmon appuie la mise en \u0153uvre des activit\u00e9s d\u2019\u00e9valuation de FP CAPE, en particulier le portefeuille du Nig\u00e9ria et la nouvelle \u00e9valuation \u00e0 mi-parcours de l\u2019Initiative 2 de sant\u00e9 reproductive urbaine du Nig\u00e9ria. Elle appuie \u00e9galement les processus de donn\u00e9es qualitatives et les visualisations de donn\u00e9es pour les pr\u00e9sentations et les livrables du projet FP CAPE. Auparavant, Brianna travaillait au niveau local, aidant les b\u00e9n\u00e9ficiaires de Medicaid \u00e0 acc\u00e9der et \u00e0 naviguer \u00e0 travers les syst\u00e8mes de sant\u00e9. Elle a obtenu son MPH en sant\u00e9 maternelle et infantile de la Gillings School of Global Public Health de l&#8217;Universit\u00e9 de Caroline du Nord \u00e0 Chapel Hill, avec un accent sur l&#8217;analyse des politiques, le suivi et l&#8217;\u00e9valuation.<\/div>\n<\/td>\n<\/tr>\n<tr>\n<td class=\"profilepic\"><img loading=\"lazy\" decoding=\"async\" class=\"alignnone size-medium wp-image-1537\" src=\"https:\/\/www.fpcape.org\/wp-content\/uploads\/2020\/09\/Swiatlo.jpg\" alt=\"\" width=\"225\" height=\"300\" \/><\/td>\n<td class=\"profileinfo\"><strong>Alison Swiatlo, MPH<\/strong><br \/>\n<em>Assistant de Recherche<br \/>\n<\/em>FP CAPE, Carolina Population Centre<\/p>\n<div><\/div>\n<div class=\"profiledescription\">Alison Swiatlo est doctorante \u00e0 l&#8217;Universit\u00e9 de Caroline du Nord et stagiaire au Carolina Population Center. Appuyant les activit\u00e9s d&#8217;\u00e9valuation au sein du portefeuille du Nig\u00e9ria, elle aide \u00e0 mener des analyses quantitatives et qualitatives et \u00e0 synth\u00e9tiser diverses analyses de m\u00e9thodes mixtes dans des rapports, des pr\u00e9sentations et des livrables de projet. Elle a re\u00e7u son MPH de l&#8217;Universit\u00e9 de Tulane avec emphase sur le comportement de sant\u00e9.<\/div>\n<\/td>\n<\/tr>\n<tr>\n<td class=\"profilepic\"><img loading=\"lazy\" decoding=\"async\" class=\"alignnone size-medium wp-image-1292\" src=\"https:\/\/www.fpcape.org\/wp-content\/uploads\/2017\/01\/Iyiwose-225x300.jpg\" alt=\"\" width=\"225\" height=\"300\" srcset=\"https:\/\/www.fpcape.org\/wp-content\/uploads\/2017\/01\/Iyiwose-225x300.jpg 225w, https:\/\/www.fpcape.org\/wp-content\/uploads\/2017\/01\/Iyiwose.jpg 300w\" sizes=\"auto, (max-width: 225px) 100vw, 225px\" \/><\/td>\n<td class=\"profileinfo\"><strong><strong>Patrick Iyiwose, MSc<br \/>\n<\/strong><\/strong><em>Associ\u00e9 en Recherch\u00e9<br \/>\n<\/em>FP CAPE, Nigeria<\/p>\n<div class=\"profiledescription\">\n<p>En tant qu&#8217;associ\u00e9 de recherche bas\u00e9 \u00e0 Abuja (Nigeria), Patrick Iyiwose soutient la mise en \u0153uvre de l&#8217;\u00e9valuation de FP CAPE et la coordination du BMGF au Nigeria. Patrick a travaill\u00e9 dans diff\u00e9rents projets de sant\u00e9 publique au cours des 10 derni\u00e8res ann\u00e9es avec des organismes de recherche locaux et internationaux au Nigeria. Auparavant, il a travaill\u00e9 avec Measurement, Learning &amp; Evaluation (MLE) pour l&#8217;Initiative de sant\u00e9 reproductive urbaine du Nig\u00e9ria (NURHI) en tant que superviseur, chercheur et sp\u00e9cialiste administratif de l&#8217;assurance qualit\u00e9 du travail de terrain lors de l&#8217;enqu\u00eate longitudinale et transversal.<\/p>\n<\/div>\n<\/td>\n<\/tr>\n<tr>\n<td class=\"profilepic\"><img loading=\"lazy\" decoding=\"async\" class=\"alignnone size-medium wp-image-927\" src=\"https:\/\/www.fpcape.org\/wp-content\/uploads\/2017\/01\/Ong-225x300.jpg\" alt=\"\" width=\"225\" height=\"300\" srcset=\"https:\/\/www.fpcape.org\/wp-content\/uploads\/2017\/01\/Ong-225x300.jpg 225w, https:\/\/www.fpcape.org\/wp-content\/uploads\/2017\/01\/Ong.jpg 300w\" sizes=\"auto, (max-width: 225px) 100vw, 225px\" \/><\/td>\n<td class=\"profileinfo\"><strong>L. Lin Ong, PhD<\/strong><br \/>\n<em>Conseiller de Recherche en Innovation des donn\u00e9es<br \/>\n<\/em>FP CAPE, Carolina Population Centre<\/p>\n<div><\/div>\n<div class=\"profiledescription\">Avec FP CAPE, L. Lin Ong combine son exp\u00e9rience professionnelle, son exp\u00e9rience acad\u00e9mique et ses connaissances m\u00e9thodologiques afin de rationaliser la communication des r\u00e9sultats du projet et d&#8217;analyser les r\u00e9sultats du projet. Lin fournit un soutien et des conseils sur les communications strat\u00e9giques des r\u00e9sultats, la conception de produits d&#8217;information, et aussi des conseils sur l&#8217;analyse du r\u00e9seau. Lin est professeur assistant au D\u00e9partement des Affaires Internationales et du Marketing du College of Business Administration \u00e0 Cal Poly Pomona. Elle a obtenu son doctorat en marketing \u00e0 l&#8217;\u00e9cole de commerce Kenan-Flagler de l&#8217;Universit\u00e9 de Caroline du Nord \u00e0 Chapel Hill et d\u00e9tient une ma\u00eetrise en affaires internationales de l&#8217;Universit\u00e9 de Californie, \u00e0 San Diego, avec une concentration en gestion internationale. Ses recherches portent sur l&#8217;\u00e9tude quantitative des march\u00e9s \u00e0 faible revenu dans le monde entier, avec un int\u00e9r\u00eat particulier pour l&#8217;application de solutions bas\u00e9es sur le march\u00e9 afin de renforcer les mesures d&#8217;att\u00e9nuation de la pauvret\u00e9 et d&#8217;am\u00e9liorer l&#8217;esprit d&#8217;entreprise \u00e0 petite \u00e9chelle. Avant d&#8217;entrer dans le milieu universitaire, Lin \u00e9tait consultant en gestion de la section Strat\u00e9gie et Op\u00e9rations de Deloitte Consulting.<\/div>\n<\/td>\n<\/tr>\n<\/tbody>\n<\/table>\n","protected":false},"excerpt":{"rendered":"<p>FP CAPE &gt; A propos de nous &gt; Notre \u00e9quipe Notre \u00e9quipe FP CAPE est bas\u00e9 au Carolina Population Centre (CPC) \u00e0 l&#8217;Universit\u00e9 de Caroline du Nord \u00e0 Chapel Hill (UNC-CH). Notre \u00e9quipe de projet comprend des experts dans les m\u00e9thodes de recherche quantitatives et qualitatives, les m\u00e9thodes de sciences des syst\u00e8mes, l&#8217;analyse spatiale, l&#8217;\u00e9chantillonnage, [&hellip;]<\/p>\n","protected":false},"author":4,"featured_media":1325,"parent":0,"menu_order":0,"comment_status":"closed","ping_status":"closed","template":"","meta":{"footnotes":""},"class_list":["post-40","page","type-page","status-publish","has-post-thumbnail","hentry","clearfix","post-index"],"translation":{"provider":"WPGlobus","version":"3.0.2","language":"fr","enabled_languages":["en","fr"],"languages":{"en":{"title":true,"content":true,"excerpt":false},"fr":{"title":true,"content":true,"excerpt":false}}},"_links":{"self":[{"href":"https:\/\/www.fpcape.org\/fr\/wp-json\/wp\/v2\/pages\/40","targetHints":{"allow":["GET"]}}],"collection":[{"href":"https:\/\/www.fpcape.org\/fr\/wp-json\/wp\/v2\/pages"}],"about":[{"href":"https:\/\/www.fpcape.org\/fr\/wp-json\/wp\/v2\/types\/page"}],"author":[{"embeddable":true,"href":"https:\/\/www.fpcape.org\/fr\/wp-json\/wp\/v2\/users\/4"}],"replies":[{"embeddable":true,"href":"https:\/\/www.fpcape.org\/fr\/wp-json\/wp\/v2\/comments?post=40"}],"version-history":[{"count":108,"href":"https:\/\/www.fpcape.org\/fr\/wp-json\/wp\/v2\/pages\/40\/revisions"}],"predecessor-version":[{"id":2498,"href":"https:\/\/www.fpcape.org\/fr\/wp-json\/wp\/v2\/pages\/40\/revisions\/2498"}],"wp:featuredmedia":[{"embeddable":true,"href":"https:\/\/www.fpcape.org\/fr\/wp-json\/wp\/v2\/media\/1325"}],"wp:attachment":[{"href":"https:\/\/www.fpcape.org\/fr\/wp-json\/wp\/v2\/media?parent=40"}],"curies":[{"name":"wp","href":"https:\/\/api.w.org\/{rel}","templated":true}]}}