
{"id":48,"date":"2017-01-26T23:18:33","date_gmt":"2017-01-26T23:18:33","guid":{"rendered":"http:\/\/wp-test.cpc.unc.edu\/fpcape\/?page_id=48"},"modified":"2018-03-21T16:42:50","modified_gmt":"2018-03-21T16:42:50","slug":"nigeria","status":"publish","type":"page","link":"https:\/\/www.fpcape.org\/fr\/countries\/nigeria\/","title":{"rendered":"Nigeria"},"content":{"rendered":"<div class=\"breadcrumbs\"><!-- Breadcrumb NavXT 5.7.0 --><br \/>\n<a class=\"home\" title=\"Go to FP CAPE.\" href=\"http:\/\/www.fpcape.org\/fr\/\">FP CAPE<\/a> &gt; <a class=\"post post-page\" title=\"Go to Countries.\" href=\"https:\/\/www.fpcape.org\/fr\/#section-country\">Pays<\/a> &gt; Nigeria<\/div>\n<h2 class=\"breadcrumbs\">Nigeria<\/h2>\n<div class=\"breadcrumbs\"><\/div>\n<div class=\"breadcrumbs\">\n<table class=\"nigeriatable\">\n<tbody>\n<tr>\n<td class=\"nigeriabg\"><em>Avec une population de plus de 182 millions de personnes en 2015, le Nigeria est devenu le pays le plus peupl\u00e9 d&#8217;Afrique et s&#8217;est class\u00e9 au 7e rang le plus peupl\u00e9 du monde. Avec la croissance rapide actuelle de la population, la population du pays devrait atteindre 400 millions d&#8217;ici 2050 et 730 millions d&#8217;ici 2100. Le Nigeria est \u00e9galement parmi les nations du monde ayant la plus grande population des jeunes, avec plus de 40% de la population \u00e2g\u00e9e de 14 ans ou moins. Le taux de natalit\u00e9 du pays est significativement plus \u00e9lev\u00e9 que le taux de mortalit\u00e9, avec 37,3 naissances \/ 1 000 habitants en 2016.<\/em><\/p>\n<p><em>Malgr\u00e9 la question de la surpopulation, le taux de pr\u00e9valence de la contraception moderne (TPCm) a tr\u00e8s peu augment\u00e9, avec seulement 10% des femmes mari\u00e9es en \u00e2ge de procr\u00e9er utilisant une m\u00e9thode de contraception moderne. Moins d&#8217;une femme mari\u00e9e sur cinq utilise la contraception alors que 16% des femmes qui souhaitent espacer leurs grossesses n&#8217;utilisent pas la planification familiale (PF). Lors du Sommet de 2012 sur la planification familiale \u00e0 Londres, le gouvernement du Nig\u00e9ria s&#8217;est engag\u00e9 \u00e0 augmenter le TPC \u00e0 36% d&#8217;ici \u00e0 2018.<\/em><\/p>\n<p><em>\u00a0<\/em><\/td>\n<td class=\"nigeriabarchart\"><strong>En 2013, seulement 10% des femmes actuellement mari\u00e9es \u00e2g\u00e9es de 15 \u2013 49 ans utilisaient des m\u00e9thodes contraceptives modernes, une faible augmentation par rapport au niveau de 2003.<\/strong><\/p>\n<p><img loading=\"lazy\" decoding=\"async\" class=\"alignnone size-full wp-image-1618\" src=\"http:\/\/www.fpcape.org\/wp-content\/uploads\/2017\/01\/nigeria.jpg\" alt=\"\" width=\"653\" height=\"516\" srcset=\"https:\/\/www.fpcape.org\/wp-content\/uploads\/2017\/01\/nigeria.jpg 653w, https:\/\/www.fpcape.org\/wp-content\/uploads\/2017\/01\/nigeria-300x237.jpg 300w, https:\/\/www.fpcape.org\/wp-content\/uploads\/2017\/01\/nigeria-594x469.jpg 594w\" sizes=\"auto, (max-width: 653px) 100vw, 653px\" \/><\/td>\n<\/tr>\n<\/tbody>\n<\/table>\n<\/div>\n<p>Les investissements de PF de la Fondation Bill &amp; Melinda Gates (BMGF) au Nig\u00e9ria se concentrent principalement au niveau national et dans deux \u00e9tats cibles, Lagos et Kaduna, avec un travail suppl\u00e9mentaire cofinanc\u00e9 dans l&#8217;\u00e9tat d&#8217;Oyo.<\/p>\n<p>Le portefeuille d\u2019investissements PF au Nig\u00e9ria s&#8217;est d\u00e9velopp\u00e9 rapidement et comprend plusieurs nouveaux investissements en plus de la bien \u00e9tablie Nigeria Urban Reproductive Health Initiative (NURHI), qui a commenc\u00e9 sa mise en \u0153uvre en 2010 dans le cadre du projet NURHI 1. L&#8217;it\u00e9ration actuelle, NURHI 2, continue de se concentrer principalement sur la cr\u00e9ation de la demande et les activit\u00e9s de d\u00e9monstration de l\u2019offre des services PF ainsi que sur les interventions de plaidoyer. Le portefeuille actuel comprend des investissements plus r\u00e9cents dans les domaines du renforcement des capacit\u00e9s gouvernementales dans la gestion et la planification du PF, le plaidoyer et la prestation de services du secteur priv\u00e9. Il existe de solides preuves pour le renforcement des capacit\u00e9s institutionnelles, le secteur priv\u00e9 et les investissements de plaidoyer. Les investissements dans les services sont principalement ax\u00e9s sur le secteur public par rapport aux investissements du secteur priv\u00e9.<\/p>\n<p>L&#8217;expansion du portefeuille BMGF PF au Nig\u00e9ria refl\u00e8te l&#8217;hypoth\u00e8se selon laquelle la d\u00e9monstration d&#8217;un programme PF efficace et novateur peut ne pas \u00eatre suffisante pour obtenir la r\u00e9plication et l&#8217;extension des strat\u00e9gies du portefeuille par le gouvernement et d&#8217;autres donateurs. Les barri\u00e8res li\u00e9es \u00e0 la gestion gouvernementale du PF, \u00e0 la capacit\u00e9 et \u00e0 l&#8217;utilisation des donn\u00e9es\u00a0\u2013 ainsi que la visibilit\u00e9 des probl\u00e8mes de PF aux niveaux national et \u00e9tatique \u2013 pourraient entraver l&#8217;expansion des interventions r\u00e9ussies.<\/p>\n<p>Un aper\u00e7u des investissements PF de BMGF au Nig\u00e9ria peut \u00eatre visualis\u00e9 au <a href=\"http:\/\/www.fpcape.org\/fr\/evaluation-toolkit\/interactive-timeline\/\">chronologie interactive<\/a>.<\/p>\n","protected":false},"excerpt":{"rendered":"<p>FP CAPE &gt; Pays &gt; Nigeria Nigeria Avec une population de plus de 182 millions de personnes en 2015, le Nigeria est devenu le pays le plus peupl\u00e9 d&#8217;Afrique et s&#8217;est class\u00e9 au 7e rang le plus peupl\u00e9 du monde. Avec la croissance rapide actuelle de la population, la population du pays devrait atteindre 400 [&hellip;]<\/p>\n","protected":false},"author":4,"featured_media":697,"parent":44,"menu_order":0,"comment_status":"closed","ping_status":"closed","template":"","meta":{"footnotes":""},"class_list":["post-48","page","type-page","status-publish","has-post-thumbnail","hentry","clearfix","post-index"],"translation":{"provider":"WPGlobus","version":"3.0.2","language":"fr","enabled_languages":["en","fr"],"languages":{"en":{"title":true,"content":true,"excerpt":false},"fr":{"title":true,"content":true,"excerpt":false}}},"_links":{"self":[{"href":"https:\/\/www.fpcape.org\/fr\/wp-json\/wp\/v2\/pages\/48","targetHints":{"allow":["GET"]}}],"collection":[{"href":"https:\/\/www.fpcape.org\/fr\/wp-json\/wp\/v2\/pages"}],"about":[{"href":"https:\/\/www.fpcape.org\/fr\/wp-json\/wp\/v2\/types\/page"}],"author":[{"embeddable":true,"href":"https:\/\/www.fpcape.org\/fr\/wp-json\/wp\/v2\/users\/4"}],"replies":[{"embeddable":true,"href":"https:\/\/www.fpcape.org\/fr\/wp-json\/wp\/v2\/comments?post=48"}],"version-history":[{"count":36,"href":"https:\/\/www.fpcape.org\/fr\/wp-json\/wp\/v2\/pages\/48\/revisions"}],"predecessor-version":[{"id":2509,"href":"https:\/\/www.fpcape.org\/fr\/wp-json\/wp\/v2\/pages\/48\/revisions\/2509"}],"up":[{"embeddable":true,"href":"https:\/\/www.fpcape.org\/fr\/wp-json\/wp\/v2\/pages\/44"}],"wp:featuredmedia":[{"embeddable":true,"href":"https:\/\/www.fpcape.org\/fr\/wp-json\/wp\/v2\/media\/697"}],"wp:attachment":[{"href":"https:\/\/www.fpcape.org\/fr\/wp-json\/wp\/v2\/media?parent=48"}],"curies":[{"name":"wp","href":"https:\/\/api.w.org\/{rel}","templated":true}]}}