
{"id":54,"date":"2017-01-26T23:19:29","date_gmt":"2017-01-26T23:19:29","guid":{"rendered":"http:\/\/wp-test.cpc.unc.edu\/fpcape\/?page_id=54"},"modified":"2018-06-29T17:19:38","modified_gmt":"2018-06-29T17:19:38","slug":"interactive-timeline","status":"publish","type":"page","link":"https:\/\/www.fpcape.org\/fr\/evaluation-toolkit\/interactive-timeline\/","title":{"rendered":"Chronologie interactive"},"content":{"rendered":"<div class=\"breadcrumbs\"><!-- Breadcrumb NavXT 5.7.0 --><br \/>\n<a class=\"home\" title=\"Go to FP CAPE.\" href=\"https:\/\/www.fpcape.org\/fr\/\">FP CAPE<\/a>&gt; <a class=\"post post-page\" title=\"Go to Evaluation Toolkit.\" href=\"https:\/\/www.fpcape.org\/fr\/#section-features\">Kit d\u2019\u00e9valuation<\/a>&gt; Chronologie interactive<\/div>\n<h2 class=\"breadcrumbs\"><strong><img loading=\"lazy\" decoding=\"async\" class=\"wp-image-1097 toolkitlogo alignleft\" src=\"https:\/\/www.fpcape.org\/wp-content\/uploads\/2017\/05\/timeline4-300x271.gif\" alt=\"\" width=\"100\" height=\"90\" srcset=\"https:\/\/www.fpcape.org\/wp-content\/uploads\/2017\/05\/timeline4-300x271.gif 300w, https:\/\/www.fpcape.org\/wp-content\/uploads\/2017\/05\/timeline4-768x694.gif 768w, https:\/\/www.fpcape.org\/wp-content\/uploads\/2017\/05\/timeline4-594x537.gif 594w\" sizes=\"auto, (max-width: 100px) 100vw, 100px\" \/>Chronologie Interactive<\/strong><\/h2>\n<p>Une chronologie interactive est un moyen efficace, visuel et convivial de suivre et de communiquer les changements dans le syst\u00e8me complexe du portefeuille d&#8217;investissements, y compris l&#8217;environnement plus large de planification familiale (PF). Le calendrier peut \u00eatre utilis\u00e9 comme une plate-forme pour engager un dialogue avec les partenaires, le gouvernement et les officiers de programme du BMGF et d&#8217;autres parties prenantes et ainsi, contribuer \u00e0 un processus continu de g\u00e9n\u00e9ration des \u00e9vidences.<\/p>\n<p>La chronologie interactive FP CAPE, bas\u00e9e sur le web, permet aux utilisateurs de pr\u00e9senter les programmes des partenaires et des \u00e9v\u00e9nements contextuels parall\u00e8les et des donn\u00e9es cl\u00e9s et suivre leur \u00e9volution au fil du temps. Il est mis \u00e0 jour de fa\u00e7on continue et a le potentiel de g\u00e9n\u00e9rer une r\u00e9flexion et des commentaires continus. Construit sur la plate-forme logicielle Tiki-Toki, la chronologie peut \u00eatre utilis\u00e9 comme un outil en ligne pour le d\u00e9veloppement collaboratif de contenu.<\/p>\n<p>Explorez la chronologie interactive pour la RDC et le Nig\u00e9ria pour en savoir plus sur cet outil.<\/p>\n<table class=\"timelinetable\" width=\"600\">\n<tbody>\n<tr>\n<td style=\"text-align: center;\"><a href=\"https:\/\/www.fpcape.org\/fr\/projets-de-planification-familiale-en-rdc\/\"><strong>RDC chronologie<\/strong><br \/>\n<img loading=\"lazy\" decoding=\"async\" class=\"size-medium wp-image-1172 aligncenter\" src=\"https:\/\/www.fpcape.org\/wp-content\/uploads\/2017\/01\/jhp3-300x295.jpg\" alt=\"\" width=\"300\" height=\"295\" srcset=\"https:\/\/www.fpcape.org\/wp-content\/uploads\/2017\/01\/jhp3-300x295.jpg 300w, https:\/\/www.fpcape.org\/wp-content\/uploads\/2017\/01\/jhp3-768x756.jpg 768w, https:\/\/www.fpcape.org\/wp-content\/uploads\/2017\/01\/jhp3-1024x1008.jpg 1024w, https:\/\/www.fpcape.org\/wp-content\/uploads\/2017\/01\/jhp3-1200x1181.jpg 1200w, https:\/\/www.fpcape.org\/wp-content\/uploads\/2017\/01\/jhp3-594x585.jpg 594w, https:\/\/www.fpcape.org\/wp-content\/uploads\/2017\/01\/jhp3.jpg 1490w\" sizes=\"auto, (max-width: 300px) 100vw, 300px\" \/><\/a><\/td>\n<td style=\"text-align: center;\"><a href=\"https:\/\/www.fpcape.org\/fr\/timeline-family-planning-grants-in-nigeria\/\"><strong>Nigeria chronologie<\/strong><br \/>\n<img loading=\"lazy\" decoding=\"async\" class=\"size-medium wp-image-1168 aligncenter\" src=\"https:\/\/www.fpcape.org\/wp-content\/uploads\/2017\/01\/tci-300x295.jpg\" alt=\"\" width=\"300\" height=\"295\" srcset=\"https:\/\/www.fpcape.org\/wp-content\/uploads\/2017\/01\/tci-300x295.jpg 300w, https:\/\/www.fpcape.org\/wp-content\/uploads\/2017\/01\/tci-768x756.jpg 768w, https:\/\/www.fpcape.org\/wp-content\/uploads\/2017\/01\/tci-1024x1008.jpg 1024w, https:\/\/www.fpcape.org\/wp-content\/uploads\/2017\/01\/tci-1200x1181.jpg 1200w, https:\/\/www.fpcape.org\/wp-content\/uploads\/2017\/01\/tci-594x585.jpg 594w, https:\/\/www.fpcape.org\/wp-content\/uploads\/2017\/01\/tci.jpg 1490w\" sizes=\"auto, (max-width: 300px) 100vw, 300px\" \/><\/a><\/td>\n<\/tr>\n<\/tbody>\n<\/table>\n","protected":false},"excerpt":{"rendered":"<p>FP CAPE&gt; Kit d\u2019\u00e9valuation&gt; Chronologie interactive Chronologie Interactive Une chronologie interactive est un moyen efficace, visuel et convivial de suivre et de communiquer les changements dans le syst\u00e8me complexe du portefeuille d&#8217;investissements, y compris l&#8217;environnement plus large de planification familiale (PF). Le calendrier peut \u00eatre utilis\u00e9 comme une plate-forme pour engager un dialogue avec les [&hellip;]<\/p>\n","protected":false},"author":4,"featured_media":729,"parent":52,"menu_order":0,"comment_status":"closed","ping_status":"closed","template":"","meta":{"footnotes":""},"class_list":["post-54","page","type-page","status-publish","has-post-thumbnail","hentry","clearfix","post-index"],"translation":{"provider":"WPGlobus","version":"3.0.2","language":"fr","enabled_languages":["en","fr"],"languages":{"en":{"title":true,"content":true,"excerpt":false},"fr":{"title":true,"content":true,"excerpt":false}}},"_links":{"self":[{"href":"https:\/\/www.fpcape.org\/fr\/wp-json\/wp\/v2\/pages\/54","targetHints":{"allow":["GET"]}}],"collection":[{"href":"https:\/\/www.fpcape.org\/fr\/wp-json\/wp\/v2\/pages"}],"about":[{"href":"https:\/\/www.fpcape.org\/fr\/wp-json\/wp\/v2\/types\/page"}],"author":[{"embeddable":true,"href":"https:\/\/www.fpcape.org\/fr\/wp-json\/wp\/v2\/users\/4"}],"replies":[{"embeddable":true,"href":"https:\/\/www.fpcape.org\/fr\/wp-json\/wp\/v2\/comments?post=54"}],"version-history":[{"count":32,"href":"https:\/\/www.fpcape.org\/fr\/wp-json\/wp\/v2\/pages\/54\/revisions"}],"predecessor-version":[{"id":2313,"href":"https:\/\/www.fpcape.org\/fr\/wp-json\/wp\/v2\/pages\/54\/revisions\/2313"}],"up":[{"embeddable":true,"href":"https:\/\/www.fpcape.org\/fr\/wp-json\/wp\/v2\/pages\/52"}],"wp:featuredmedia":[{"embeddable":true,"href":"https:\/\/www.fpcape.org\/fr\/wp-json\/wp\/v2\/media\/729"}],"wp:attachment":[{"href":"https:\/\/www.fpcape.org\/fr\/wp-json\/wp\/v2\/media?parent=54"}],"curies":[{"name":"wp","href":"https:\/\/api.w.org\/{rel}","templated":true}]}}