
{"id":56,"date":"2017-01-26T23:19:50","date_gmt":"2017-01-26T23:19:50","guid":{"rendered":"http:\/\/wp-test.cpc.unc.edu\/fpcape\/?page_id=56"},"modified":"2018-03-27T14:23:50","modified_gmt":"2018-03-27T14:23:50","slug":"sentinel-indicators","status":"publish","type":"page","link":"https:\/\/www.fpcape.org\/fr\/evaluation-toolkit\/sentinel-indicators\/","title":{"rendered":"Indicateurs Sentinelles"},"content":{"rendered":"<div class=\"breadcrumbs\"><!-- Breadcrumb NavXT 5.7.0 --><br \/>\n<a class=\"home\" title=\"Go to FP CAPE.\" href=\"https:\/\/www.fpcape.org\/fr\/\">FP CAPE<\/a> > <a class=\"post post-page\" title=\"Go to Evaluation Toolkit.\" href=\"https:\/\/www.fpcape.org\/fr\/#section-features\">Kit d\u2019\u00e9valuation<\/a> > <strong>Indicateurs Sentinelles<\/strong><\/div>\n<h2 class=\"breadcrumbs\"><\/h2>\n<h2 class=\"breadcrumbs\"><strong><img loading=\"lazy\" decoding=\"async\" class=\"wp-image-1097 toolkitlogo alignleft\" src=\"https:\/\/www.fpcape.org\/wp-content\/uploads\/2017\/05\/sentinel-5-300x271.gif\" alt=\"\" width=\"100\" height=\"90\" \/>Indicateurs Sentinelles<\/strong><\/h2>\n<h4 class=\"georgiafont\"><em>Les changements attendus se produisent-ils?<\/em><\/h4>\n<p>La surveillance des indicateurs sentinelles utilise principalement, mais pas exclusivement, des donn\u00e9es quantitatives pour surveiller un ensemble limit\u00e9 d&#8217;indicateurs sentinelles dans la th\u00e9orie du changement de portefeuille (TDC). Les indicateurs se rattachent \u00e9troitement aux hypoth\u00e8ses critiques de la TDC et permettent de suivre si les changements pr\u00e9vus se produisent. Les indicateurs sentinelles combin\u00e9s aux r\u00e9sultats qualitatifs dans le portefeuille visent \u00e0 signaler les domaines d&#8217;investissement qui pourraient b\u00e9n\u00e9ficier d&#8217;une enqu\u00eate plus pouss\u00e9e.<\/p>\n<p><img loading=\"lazy\" decoding=\"async\" class=\"size-large wp-image-1609 aligncenter\" src=\"https:\/\/www.fpcape.org\/wp-content\/uploads\/2017\/01\/sentinel_french-1024x421.jpg\" alt=\"\" width=\"840\" height=\"345\" srcset=\"https:\/\/www.fpcape.org\/wp-content\/uploads\/2017\/01\/sentinel_french-1024x421.jpg 1024w, https:\/\/www.fpcape.org\/wp-content\/uploads\/2017\/01\/sentinel_french-300x123.jpg 300w, https:\/\/www.fpcape.org\/wp-content\/uploads\/2017\/01\/sentinel_french-768x315.jpg 768w, https:\/\/www.fpcape.org\/wp-content\/uploads\/2017\/01\/sentinel_french-1200x493.jpg 1200w, https:\/\/www.fpcape.org\/wp-content\/uploads\/2017\/01\/sentinel_french-594x244.jpg 594w, https:\/\/www.fpcape.org\/wp-content\/uploads\/2017\/01\/sentinel_french.jpg 1249w\" sizes=\"auto, (max-width: 840px) 100vw, 840px\" \/><\/p>\n","protected":false},"excerpt":{"rendered":"<p>FP CAPE > Kit d\u2019\u00e9valuation > Indicateurs Sentinelles Indicateurs Sentinelles Les changements attendus se produisent-ils? La surveillance des indicateurs sentinelles utilise principalement, mais pas exclusivement, des donn\u00e9es quantitatives pour surveiller un ensemble limit\u00e9 d&#8217;indicateurs sentinelles dans la th\u00e9orie du changement de portefeuille (TDC). Les indicateurs se rattachent \u00e9troitement aux hypoth\u00e8ses critiques de la TDC et [&hellip;]<\/p>\n","protected":false},"author":4,"featured_media":1326,"parent":52,"menu_order":0,"comment_status":"closed","ping_status":"closed","template":"","meta":{"footnotes":""},"class_list":["post-56","page","type-page","status-publish","has-post-thumbnail","hentry","clearfix","post-index"],"translation":{"provider":"WPGlobus","version":"3.0.2","language":"fr","enabled_languages":["en","fr"],"languages":{"en":{"title":true,"content":true,"excerpt":false},"fr":{"title":true,"content":true,"excerpt":false}}},"_links":{"self":[{"href":"https:\/\/www.fpcape.org\/fr\/wp-json\/wp\/v2\/pages\/56","targetHints":{"allow":["GET"]}}],"collection":[{"href":"https:\/\/www.fpcape.org\/fr\/wp-json\/wp\/v2\/pages"}],"about":[{"href":"https:\/\/www.fpcape.org\/fr\/wp-json\/wp\/v2\/types\/page"}],"author":[{"embeddable":true,"href":"https:\/\/www.fpcape.org\/fr\/wp-json\/wp\/v2\/users\/4"}],"replies":[{"embeddable":true,"href":"https:\/\/www.fpcape.org\/fr\/wp-json\/wp\/v2\/comments?post=56"}],"version-history":[{"count":23,"href":"https:\/\/www.fpcape.org\/fr\/wp-json\/wp\/v2\/pages\/56\/revisions"}],"predecessor-version":[{"id":1869,"href":"https:\/\/www.fpcape.org\/fr\/wp-json\/wp\/v2\/pages\/56\/revisions\/1869"}],"up":[{"embeddable":true,"href":"https:\/\/www.fpcape.org\/fr\/wp-json\/wp\/v2\/pages\/52"}],"wp:featuredmedia":[{"embeddable":true,"href":"https:\/\/www.fpcape.org\/fr\/wp-json\/wp\/v2\/media\/1326"}],"wp:attachment":[{"href":"https:\/\/www.fpcape.org\/fr\/wp-json\/wp\/v2\/media?parent=56"}],"curies":[{"name":"wp","href":"https:\/\/api.w.org\/{rel}","templated":true}]}}