
{"id":58,"date":"2017-01-26T23:20:13","date_gmt":"2017-01-26T23:20:13","guid":{"rendered":"http:\/\/wp-test.cpc.unc.edu\/fpcape\/?page_id=58"},"modified":"2018-03-27T14:11:48","modified_gmt":"2018-03-27T14:11:48","slug":"bottom-up-inquiry","status":"publish","type":"page","link":"https:\/\/www.fpcape.org\/fr\/evaluation-toolkit\/bottom-up-inquiry\/","title":{"rendered":"Enqu\u00eate Ascendante"},"content":{"rendered":"<div class=\"breadcrumbs\"><!-- Breadcrumb NavXT 5.7.0 --><br \/>\n<a class=\"home\" title=\"Go to FP CAPE.\" href=\"https:\/\/www.fpcape.org\/fr\/\">FP CAPE<\/a> > <a class=\"post post-page\" title=\"Go to Evaluation Toolkit.\" href=\"https:\/\/www.fpcape.org\/fr\/#section-features\">Kit d\u2019\u00e9valuation<\/a> > Enqu\u00eate Ascendante<\/div>\n<h2 class=\"breadcrumbs\"><img loading=\"lazy\" decoding=\"async\" class=\"wp-image-1097 toolkitlogo alignleft\" src=\"https:\/\/www.fpcape.org\/wp-content\/uploads\/2017\/05\/mapping2-300x271.gif\" alt=\"\" width=\"100\" height=\"90\" \/><strong>Enqu\u00eates Ascendantes<\/strong><\/h2>\n<h4 class=\"georgiafont\"><em>Comment et pourquoi les changements se produisent (ou ne se produisent pas)?<\/em><\/h4>\n<p>L&#8217;enqu\u00eate ascendante utilise principalement des techniques participatives et qualitatives de collecte de donn\u00e9es qui visent \u00e0 identifier et \u00e0 d\u00e9compresser les m\u00e9canismes complexes de changement et d&#8217;interconnexion entre les interventions, le contexte et les acteurs impliqu\u00e9s pour mieux comprendre comment et pourquoi les changements se produisent et les facteurs \u00e9mergents qui peuvent influencer la planification et les programmes futurs. Les m\u00e9thodes sp\u00e9cifiques comprennent:<\/p>\n<ul class=\"outsideul\">\n<li class=\"squareli\"><em><strong>System Support Mapping<\/strong><\/em> (SSM) est une nouvelle m\u00e9thode de collecte des donn\u00e9es qui s&#8217;appuie sur la litt\u00e9rature de la science des syst\u00e8mes. SSM est con\u00e7u pour guider les b\u00e9n\u00e9ficiaires et les parties prenantes en \u00e9valuant la mise en \u0153uvre des activit\u00e9s du programme et les facteurs contextuels qui influencent leur performance de mani\u00e8re syst\u00e9matique. Cette activit\u00e9 vise \u00e0 g\u00e9n\u00e9rer des donn\u00e9es et des th\u00e8mes li\u00e9s \u00e0 la mise en \u0153uvre et au contexte et \u00e0 identifier les probl\u00e8mes de coordination des parties prenantes. Le SSM peut \u00eatre utilis\u00e9 \u00e0 la fois comme un processus r\u00e9trospectif d&#8217;analyse et de r\u00e9flexion ainsi qu\u2019un processus prospectif \u00e0 des fins de planification.<\/li>\n<li class=\"squareli\"><strong>Les entrevues avec les <em>Program Officers<\/em> (PO) du BMGF<\/strong> sont men\u00e9es chaque trimestre et sont conduites en utilisant un guide d&#8217;entrevue structure.<\/li>\n<li class=\"squareli\"><strong>La revue syst\u00e9matique des documents<\/strong> est men\u00e9e sur une base continue pour fournir une synth\u00e8se de ce qui se passe dans le portefeuille, aider \u00e0 \u00e9clairer les questions contenues dans le guide d\u2019entrevue du <em>PO<\/em> avec des th\u00e8mes opportuns et pertinents ainsi qu&#8217;\u00e0 fournir des informations de base pour la collecte de donn\u00e9es <em>SSM<\/em> et identifier de nouvelles sources de donn\u00e9es.<\/li>\n<\/ul>\n<p style=\"text-align: center;\"><strong>Enqu\u00eates ascendantes et r\u00e9sultats<\/strong><\/p>\n<p><img loading=\"lazy\" decoding=\"async\" class=\"aligncenter wp-image-1603 size-large\" src=\"https:\/\/www.fpcape.org\/wp-content\/uploads\/2017\/01\/bottomup-1024x398.png\" alt=\"\" width=\"840\" height=\"326\" srcset=\"https:\/\/www.fpcape.org\/wp-content\/uploads\/2017\/01\/bottomup-1024x398.png 1024w, https:\/\/www.fpcape.org\/wp-content\/uploads\/2017\/01\/bottomup-300x117.png 300w, https:\/\/www.fpcape.org\/wp-content\/uploads\/2017\/01\/bottomup-768x298.png 768w, https:\/\/www.fpcape.org\/wp-content\/uploads\/2017\/01\/bottomup-1200x466.png 1200w, https:\/\/www.fpcape.org\/wp-content\/uploads\/2017\/01\/bottomup-594x231.png 594w, https:\/\/www.fpcape.org\/wp-content\/uploads\/2017\/01\/bottomup.png 1882w\" sizes=\"auto, (max-width: 840px) 100vw, 840px\" \/><\/p>\n<h4><strong>\u00a0<\/strong><\/h4>\n","protected":false},"excerpt":{"rendered":"<p>FP CAPE > Kit d\u2019\u00e9valuation > Enqu\u00eate Ascendante Enqu\u00eates Ascendantes Comment et pourquoi les changements se produisent (ou ne se produisent pas)? L&#8217;enqu\u00eate ascendante utilise principalement des techniques participatives et qualitatives de collecte de donn\u00e9es qui visent \u00e0 identifier et \u00e0 d\u00e9compresser les m\u00e9canismes complexes de changement et d&#8217;interconnexion entre les interventions, le contexte et [&hellip;]<\/p>\n","protected":false},"author":4,"featured_media":695,"parent":52,"menu_order":0,"comment_status":"closed","ping_status":"closed","template":"","meta":{"footnotes":""},"class_list":["post-58","page","type-page","status-publish","has-post-thumbnail","hentry","clearfix","post-index"],"translation":{"provider":"WPGlobus","version":"3.0.2","language":"fr","enabled_languages":["en","fr"],"languages":{"en":{"title":true,"content":true,"excerpt":false},"fr":{"title":true,"content":true,"excerpt":false}}},"_links":{"self":[{"href":"https:\/\/www.fpcape.org\/fr\/wp-json\/wp\/v2\/pages\/58","targetHints":{"allow":["GET"]}}],"collection":[{"href":"https:\/\/www.fpcape.org\/fr\/wp-json\/wp\/v2\/pages"}],"about":[{"href":"https:\/\/www.fpcape.org\/fr\/wp-json\/wp\/v2\/types\/page"}],"author":[{"embeddable":true,"href":"https:\/\/www.fpcape.org\/fr\/wp-json\/wp\/v2\/users\/4"}],"replies":[{"embeddable":true,"href":"https:\/\/www.fpcape.org\/fr\/wp-json\/wp\/v2\/comments?post=58"}],"version-history":[{"count":50,"href":"https:\/\/www.fpcape.org\/fr\/wp-json\/wp\/v2\/pages\/58\/revisions"}],"predecessor-version":[{"id":1857,"href":"https:\/\/www.fpcape.org\/fr\/wp-json\/wp\/v2\/pages\/58\/revisions\/1857"}],"up":[{"embeddable":true,"href":"https:\/\/www.fpcape.org\/fr\/wp-json\/wp\/v2\/pages\/52"}],"wp:featuredmedia":[{"embeddable":true,"href":"https:\/\/www.fpcape.org\/fr\/wp-json\/wp\/v2\/media\/695"}],"wp:attachment":[{"href":"https:\/\/www.fpcape.org\/fr\/wp-json\/wp\/v2\/media?parent=58"}],"curies":[{"name":"wp","href":"https:\/\/api.w.org\/{rel}","templated":true}]}}