
{"id":917,"date":"2017-05-18T18:02:32","date_gmt":"2017-05-18T18:02:32","guid":{"rendered":"http:\/\/wp-test.cpc.unc.edu\/fpcape\/?page_id=917"},"modified":"2020-12-18T19:29:43","modified_gmt":"2020-12-18T19:29:43","slug":"publications","status":"publish","type":"page","link":"https:\/\/www.fpcape.org\/fr\/resources\/publications\/","title":{"rendered":"Pr\u00e9sentations"},"content":{"rendered":"<div class=\"breadcrumbs\"><!-- Breadcrumb NavXT 5.7.0 --><br \/>\n<a class=\"home\" title=\"Go to FP CAPE.\" href=\"https:\/\/www.fpcape.org\/fr\/\">FP CAPE<\/a> &gt; <a href=\"https:\/\/www.fpcape.org\/fr\/#section-resources\">Ressources<\/a> &gt; <span lang=\"fr\" tabindex=\"0\">Pr\u00e9sentation<\/span>s<\/div>\n<h2 class=\"breadcrumbs\"><span lang=\"fr\" tabindex=\"0\">Pr\u00e9sentations<\/span><\/h2>\n<p>FP CAPE contribue \u00e0 la litt\u00e9rature scientifique\u00a0globale sur la planification familiale et l&#8217;\u00e9valuation en utilisant des m\u00e9thodes innovantes et ses r\u00e9sultats d&#8217;\u00e9valuation. Nous listons ci-dessous les pr\u00e9sentations et posters que nous avons pr\u00e9sent\u00e9 au cours des diverses conferences.<\/p>\n<ol>\n<li><a href=\"https:\/\/www.fpcape.org\/wp-content\/uploads\/2020\/06\/FP-CAPE_DRC-deck-presentation-2020.mp4\" target=\"_blank\" rel=\"noopener\">R\u00e9sultats d\u2019analyse du portefeuille PF de BMGF en R\u00e9publique D\u00e9mocratique du Congo (RDC)<\/a> <span style=\"display: inline !important; float: none; background-color: #ffffff; color: #333333; cursor: text; font-family: Georgia,'Times New Roman','Bitstream Charter',Times,serif; font-size: 16px; font-style: normal; font-variant: normal; font-weight: 400; letter-spacing: normal; orphans: 2; text-align: left; text-decoration: none; text-indent: 0px; text-transform: none; -webkit-text-stroke-width: 0px; white-space: normal; word-spacing: 0px;\">\u2013 <\/span>Pr\u00e9sentation<strong>*<\/strong>, 3 Juin 2020<\/li>\n<li><a href=\"https:\/\/www.fpcape.org\/wp-content\/uploads\/2020\/11\/FPCAPE_Methodologie-innovante_.pdf\" target=\"_blank\" rel=\"noopener\">Une m\u00e9thodologie innovante pour \u00e9valuer les portefeuilles complexes d\u2019investissements en planification familiale en R\u00e9publique D\u00e9mocratique du Congo (RDC) et au Nigeria<\/a> <span style=\"display: inline !important; float: none; background-color: #ffffff; color: #333333; cursor: text; font-family: Georgia,'Times New Roman','Bitstream Charter',Times,serif; font-size: 16px; font-style: normal; font-variant: normal; font-weight: 400; letter-spacing: normal; orphans: 2; text-align: left; text-decoration: none; text-indent: 0px; text-transform: none; -webkit-text-stroke-width: 0px; white-space: normal; word-spacing: 0px;\">\u2013 <\/span>Pr\u00e9sentation<strong>*<\/strong>,\u00a0<em>4e Conf\u00e9rence Nationale pour le Repositionnement de la Planification Familiale,\u00a0<\/em>3-5 D\u00e9cembre, 2019<\/li>\n<li><a href=\"https:\/\/www.fpcape.org\/wp-content\/uploads\/2020\/11\/Qui-Fait-Quoi-et-OU_Cartographie-des-Interventions-BMGF.pdf\" target=\"_blank\" rel=\"noopener\">Qui Fait Quoi et O\u00f9? Cartographie des interventions des partenaires du portefeuille de planification familiale de la Fondation Bill et Melinda Gates \u00e0 Kinshasa, RDC<\/a> <span style=\"display: inline !important; float: none; background-color: #ffffff; color: #333333; cursor: text; font-family: Georgia,'Times New Roman','Bitstream Charter',Times,serif; font-size: 16px; font-style: normal; font-variant: normal; font-weight: 400; letter-spacing: normal; orphans: 2; text-align: left; text-decoration: none; text-indent: 0px; text-transform: none; -webkit-text-stroke-width: 0px; white-space: normal; word-spacing: 0px;\">\u2013 <\/span>Pr\u00e9sentation<strong>*<\/strong>, <em>4e Conf\u00e9rence Nationale pour le Repositionnement de la Planification Familiale<\/em>, 3-5 D\u00e9cembre, 2019<\/li>\n<li><a href=\"https:\/\/www.fpcape.org\/wp-content\/uploads\/2019\/03\/AfriEA-conference-poster_03042019.pdf\" target=\"_blank\" rel=\"noopener\">L\u2019effet des strat\u00e9gies sur le renforcement des capacit\u00e9s, avec le Minist\u00e8re F\u00e9d\u00e9ral Nig\u00e9rian de la Sant\u00e9, sur l\u2019utilisation des donn\u00e9es pour le suivi des programmes de planification familiale: Une \u00e9tude qualitative<\/a> \u2013 Poster<strong>*<\/strong>, <em>9<sup>i\u00e8me<\/sup> Conf\u00e9rence Internationale de l\u2019Association Africaine d\u2019Evaluation<\/em> (Abidjan, C\u00f4te d\u2019Ivoire), 11 \u2013 15 Mars, 2019.<\/li>\n<li><a href=\"https:\/\/www.fpcape.org\/wp-content\/uploads\/2019\/03\/FPCAPE_Special-Study-on-Capacity-Building_presentation.pdf\" target=\"_blank\" rel=\"noopener\">La capacit\u00e9 \u00e0 coordonner et optimiser les ressources au niveau du gouvernement pour mettre en \u0153uvre les programmes de planification familiale au Nig\u00e9ria\u00a0: Une \u00e9tude qualitative<\/a> \u2013 Pr\u00e9sentation<strong>*<\/strong>, <em>5<sup>i\u00e8me<\/sup> Conf\u00e9rence sur la Planification Familiale au Nig\u00e9ria<\/em> (Abuja, Nig\u00e9ria), <span style=\"display: inline !important; float: none; background-color: #ffffff; color: #333333; cursor: text; font-family: Georgia,'Times New Roman','Bitstream Charter',Times,serif; font-size: 16px; font-style: normal; font-variant: normal; font-weight: 400; letter-spacing: normal; orphans: 2; text-align: left; text-decoration: none; text-indent: 0px; text-transform: none; -webkit-text-stroke-width: 0px; white-space: normal; word-spacing: 0px;\">4 \u2013 6<\/span> D\u00e9cembre, 2018.<\/li>\n<li><a href=\"https:\/\/www.fpcape.org\/wp-content\/uploads\/2019\/03\/FP-CAPE-poster.pdf\" target=\"_blank\" rel=\"noopener\">Le\u00e7ons apprises d\u2019une \u00e9valuation au niveau du portefeuille au Nig\u00e9ria et en R\u00e9publique D\u00e9mocratique du Congo (RDC)\u00a0: Le Family Planning Country Action Process Evaluation (FP CAPE)<\/a> \u2013 Poster, <em>Conf\u00e9rence Internationale sur la Planification Familiale 2018<\/em> (Kigali, Ruanda), <span style=\"display: inline !important; float: none; background-color: #ffffff; color: #333333; cursor: text; font-family: Georgia,'Times New Roman','Bitstream Charter',Times,serif; font-size: 16px; font-style: normal; font-variant: normal; font-weight: 400; letter-spacing: normal; orphans: 2; text-align: left; text-decoration: none; text-indent: 0px; text-transform: none; -webkit-text-stroke-width: 0px; white-space: normal; word-spacing: 0px;\"> 12 \u2013 15<\/span> Novembre, 2018.<\/li>\n<li><a href=\"https:\/\/www.fpcape.org\/wp-content\/uploads\/2019\/03\/103018-Social-Network-AEA-FINAL2.pdf\" target=\"_blank\" rel=\"noopener\">Identifier les r\u00e9seaux des principales parties prenantes\u00a0\u00e0 travers l\u2019analyse des r\u00e9seaux socioprofessionnels : Visualisation des connections professionnelles au niveau du portefeuille des programmes de planification familiale en R\u00e9publique D\u00e9mocratique du Congo<\/a> \u2013 Pr\u00e9sentation, <em>Conf\u00e9rence Association Am\u00e9ricaine d\u2019Evaluation 2018<\/em>. (Cleveland, OH, USA), 29 Octobre \u2013 3 Novembre, 2018.<\/li>\n<li><a href=\"https:\/\/www.fpcape.org\/wp-content\/uploads\/2019\/03\/HassmillerLich_AEA2018_Ignite_submit.pdf\" target=\"_blank\" rel=\"noopener\">Introduire une approche de pens\u00e9e syst\u00e9mique structur\u00e9e pour d\u00e9couvrir les soutiens ou appuis et barri\u00e8res continus dans le r\u00e9seau d\u2019activit\u00e9s de planification familiale<\/a> \u2013 Pr\u00e9sentation, <em>Conf\u00e9rence Association Am\u00e9ricaine d\u2019Evaluation 2018<\/em>. (Cleveland, OH, USA), 29 Octobre \u2013 3 Novembre, 2018.<\/li>\n<li><a href=\"https:\/\/www.fpcape.org\/wp-content\/uploads\/2019\/03\/AEA-Timeline_10242018.pdf\" target=\"_blank\" rel=\"noopener\">Chronologie interactive\u00a0: Outil de collecte, visualisation et diss\u00e9mination des donn\u00e9es, tout en un. Exp\u00e9rience d\u2019une \u00e9valuation prospective, au niveau du portefeuille, des programmes de planification familiale en RDC et au Nig\u00e9ria<\/a> \u2013 Poster, <em>Conf\u00e9rence Association Am\u00e9ricaine d\u2019Evaluation 2018<\/em>. (Cleveland, OH, USA), 29 Octobre \u2013 3 Novembre.<\/li>\n<li><a href=\"https:\/\/www.fpcape.org\/wp-content\/uploads\/2019\/03\/ICUH-DRC20170818-CLEAN.pdf\" target=\"_blank\" rel=\"noopener\">Choix et sources des m\u00e9thodes contraceptives \u00e0 Kinshasa, RDC<\/a> \u2013 Pr\u00e9sentation, <em>14<sup>i\u00e8me<\/sup> Conf\u00e9rence Internationale sur la Sant\u00e9 Urbaine<\/em> (Coimbra, Portugal); Septembre 26 \u2013 29, 2017.<\/li>\n<li><a href=\"https:\/\/www.fpcape.org\/wp-content\/uploads\/2019\/03\/FPCAPE-roundtable-AEA-2017final-for-printing.pdf\" target=\"_blank\" rel=\"noopener\">Exp\u00e9rience dans la conception et la mise en \u0153uvre d\u2019une \u00e9valuation prospective, qui tient compte de la complexit\u00e9 au niveau du portefeuille, des programmes de planification familiale en R\u00e9publique D\u00e9mocratique du Congo et au Nig\u00e9ria<\/a> \u2013 Pr\u00e9sentation,\u00a0<em>Conf\u00e9rence Association Am\u00e9ricaine d\u2019Evaluation <\/em>2017 (Washington, DC, USA), 6 \u2013 11 Novembre, 2017<\/li>\n<\/ol>\n<p><strong>* <\/strong><em>Pr\u00e9sent\u00e9(e) par notre personnel dans le pays ou autre partenaire.<\/em><\/p>\n","protected":false},"excerpt":{"rendered":"<p>FP CAPE &gt; Ressources &gt; Pr\u00e9sentations Pr\u00e9sentations FP CAPE contribue \u00e0 la litt\u00e9rature scientifique\u00a0globale sur la planification familiale et l&#8217;\u00e9valuation en utilisant des m\u00e9thodes innovantes et ses r\u00e9sultats d&#8217;\u00e9valuation. Nous listons ci-dessous les pr\u00e9sentations et posters que nous avons pr\u00e9sent\u00e9 au cours des diverses conferences. R\u00e9sultats d\u2019analyse du portefeuille PF de BMGF en R\u00e9publique D\u00e9mocratique [&hellip;]<\/p>\n","protected":false},"author":4,"featured_media":733,"parent":50,"menu_order":0,"comment_status":"closed","ping_status":"closed","template":"","meta":{"footnotes":""},"class_list":["post-917","page","type-page","status-publish","has-post-thumbnail","hentry","clearfix","post-index"],"translation":{"provider":"WPGlobus","version":"3.0.2","language":"fr","enabled_languages":["en","fr"],"languages":{"en":{"title":true,"content":true,"excerpt":false},"fr":{"title":true,"content":true,"excerpt":false}}},"_links":{"self":[{"href":"https:\/\/www.fpcape.org\/fr\/wp-json\/wp\/v2\/pages\/917","targetHints":{"allow":["GET"]}}],"collection":[{"href":"https:\/\/www.fpcape.org\/fr\/wp-json\/wp\/v2\/pages"}],"about":[{"href":"https:\/\/www.fpcape.org\/fr\/wp-json\/wp\/v2\/types\/page"}],"author":[{"embeddable":true,"href":"https:\/\/www.fpcape.org\/fr\/wp-json\/wp\/v2\/users\/4"}],"replies":[{"embeddable":true,"href":"https:\/\/www.fpcape.org\/fr\/wp-json\/wp\/v2\/comments?post=917"}],"version-history":[{"count":53,"href":"https:\/\/www.fpcape.org\/fr\/wp-json\/wp\/v2\/pages\/917\/revisions"}],"predecessor-version":[{"id":2041,"href":"https:\/\/www.fpcape.org\/fr\/wp-json\/wp\/v2\/pages\/917\/revisions\/2041"}],"up":[{"embeddable":true,"href":"https:\/\/www.fpcape.org\/fr\/wp-json\/wp\/v2\/pages\/50"}],"wp:featuredmedia":[{"embeddable":true,"href":"https:\/\/www.fpcape.org\/fr\/wp-json\/wp\/v2\/media\/733"}],"wp:attachment":[{"href":"https:\/\/www.fpcape.org\/fr\/wp-json\/wp\/v2\/media?parent=917"}],"curies":[{"name":"wp","href":"https:\/\/api.w.org\/{rel}","templated":true}]}}