
{"id":919,"date":"2017-05-18T18:03:37","date_gmt":"2017-05-18T18:03:37","guid":{"rendered":"http:\/\/wp-test.cpc.unc.edu\/fpcape\/?page_id=919"},"modified":"2021-05-03T16:40:56","modified_gmt":"2021-05-03T16:40:56","slug":"reports","status":"publish","type":"page","link":"https:\/\/www.fpcape.org\/fr\/resources\/reports\/","title":{"rendered":"Reports\/Briefs"},"content":{"rendered":"<div class=\"breadcrumbs\"><!-- Breadcrumb NavXT 5.7.0 --><br \/>\n<a class=\"home\" title=\"Go to FP CAPE.\" href=\"https:\/\/www.fpcape.org\/fr\/\">FP CAPE<\/a> &gt; <a href=\"https:\/\/www.fpcape.org\/fr\/#section-resources\">Ressources<\/a> &gt; Rapports<\/div>\n<h2 class=\"breadcrumbs\">Rapports\/Briefs<\/h2>\n<p>FP CAPE coordonne avec la fondation Bill et Melinda Gates l\u2019organisation des r\u00e9unions annuelles des partenaires de la BMGF. Y sont aussi convi\u00e9s, les gestionnaires en charge des programmes et l\u2019ensemble des autres parties prenantes en R\u00e9publique D\u00e9mocratique du Congo et au Nig\u00e9ria pour r\u00e9fl\u00e9chir, discuter et recevoir des feedbacks sur les r\u00e9sultats pr\u00e9liminaires d\u2019\u00e9valuation contenus dans les r\u00e9sum\u00e9s \u2018\u2019Insights decks\u2019\u2019 pr\u00e9par\u00e9s avant les r\u00e9unions annuelles.<\/p>\n<p><strong>1. COVID-19 briefs<\/strong><\/p>\n<ul>\n<li><a href=\"https:\/\/www.fpcape.org\/wp-content\/uploads\/2020\/10\/Impacts-de-la-COVID-19-sur-les-activites-PF-de-la-BMGF-en-RDC_07Oct2020.pdf\" target=\"_blank\" rel=\"noopener\">Impacts de la COVID-19 sur le Portefeuille FP en RDC,\u00a0<em>Septembre 2020<\/em><\/a><\/li>\n<li><a href=\"https:\/\/www.fpcape.org\/wp-content\/uploads\/2020\/10\/Impacts-de-la-Covid-19-sur-le-portefeuille-de-BMGF-en-RDC_19-Juin-2020.pdf\" target=\"_blank\" rel=\"noopener\">Impacts de la COVID-19 sur le Portefeuille FP en RDC, <em>Juin 2020<\/em><\/a><\/li>\n<li><a href=\"https:\/\/www.fpcape.org\/wp-content\/uploads\/2020\/10\/051920_DRC-Brief_French_FINAL_corrected.pdf\" target=\"_blank\" rel=\"noopener\">Impacts de la COVID-19 sur le Portefeuille FP en RDC, <em>Mai 2020<\/em><\/a><\/li>\n<\/ul>\n<p><strong>2<\/strong>. <strong><span style=\"color: #000120;\">Rapports de r\u00e9union\u00a0<\/span><\/strong><\/p>\n<ul>\n<li><a href=\"https:\/\/www.fpcape.org\/wp-content\/uploads\/2019\/06\/FP-CAPE_RDC_Reunion-des-Partenaires-PF_Avril_2019.pdf\" target=\"_blank\" rel=\"noopener\">BMGF\/ FP CAPE RDC Rapport de la R\u00e9union Annuelle des Partenaires en Planification Familiale, <em>Avril 2019<\/em><\/a><\/li>\n<li><a href=\"https:\/\/www.fpcape.org\/wp-content\/uploads\/2019\/06\/FP-CAPE_RDC_Reunion-annuelle-des-Partenaires-PF_Mars-2018.pdf\" target=\"_blank\" rel=\"noopener\">BMGF\/ FP CAPE RDC Rapport de la R\u00e9union Annuelle des Partenaires en Planification Familiale, <em>Mars 2018<\/em><\/a><\/li>\n<li><a href=\"http:\/\/www.fpcape.org\/wp-content\/uploads\/2017\/06\/Rapport-de-la-Reunion-Annuelle-FP-CAPE-DRC_Mars2017.pdf\" target=\"_blank\" rel=\"noopener noreferrer\">BMGF\/ FP CAPE RDC Rapport de la R\u00e9union Annuelle des Partenaires en Planification Familiale, <em>Mars 2017\u00a0<\/em><\/a><\/li>\n<\/ul>\n","protected":false},"excerpt":{"rendered":"<p>FP CAPE &gt; Ressources &gt; Rapports Rapports\/Briefs FP CAPE coordonne avec la fondation Bill et Melinda Gates l\u2019organisation des r\u00e9unions annuelles des partenaires de la BMGF. Y sont aussi convi\u00e9s, les gestionnaires en charge des programmes et l\u2019ensemble des autres parties prenantes en R\u00e9publique D\u00e9mocratique du Congo et au Nig\u00e9ria pour r\u00e9fl\u00e9chir, discuter et recevoir [&hellip;]<\/p>\n","protected":false},"author":4,"featured_media":1299,"parent":50,"menu_order":0,"comment_status":"closed","ping_status":"closed","template":"","meta":{"footnotes":""},"class_list":["post-919","page","type-page","status-publish","has-post-thumbnail","hentry","clearfix","post-index"],"translation":{"provider":"WPGlobus","version":"3.0.2","language":"fr","enabled_languages":["en","fr"],"languages":{"en":{"title":true,"content":true,"excerpt":false},"fr":{"title":false,"content":true,"excerpt":false}}},"_links":{"self":[{"href":"https:\/\/www.fpcape.org\/fr\/wp-json\/wp\/v2\/pages\/919","targetHints":{"allow":["GET"]}}],"collection":[{"href":"https:\/\/www.fpcape.org\/fr\/wp-json\/wp\/v2\/pages"}],"about":[{"href":"https:\/\/www.fpcape.org\/fr\/wp-json\/wp\/v2\/types\/page"}],"author":[{"embeddable":true,"href":"https:\/\/www.fpcape.org\/fr\/wp-json\/wp\/v2\/users\/4"}],"replies":[{"embeddable":true,"href":"https:\/\/www.fpcape.org\/fr\/wp-json\/wp\/v2\/comments?post=919"}],"version-history":[{"count":56,"href":"https:\/\/www.fpcape.org\/fr\/wp-json\/wp\/v2\/pages\/919\/revisions"}],"predecessor-version":[{"id":2056,"href":"https:\/\/www.fpcape.org\/fr\/wp-json\/wp\/v2\/pages\/919\/revisions\/2056"}],"up":[{"embeddable":true,"href":"https:\/\/www.fpcape.org\/fr\/wp-json\/wp\/v2\/pages\/50"}],"wp:featuredmedia":[{"embeddable":true,"href":"https:\/\/www.fpcape.org\/fr\/wp-json\/wp\/v2\/media\/1299"}],"wp:attachment":[{"href":"https:\/\/www.fpcape.org\/fr\/wp-json\/wp\/v2\/media?parent=919"}],"curies":[{"name":"wp","href":"https:\/\/api.w.org\/{rel}","templated":true}]}}